{"id":225,"date":"2020-02-13T11:43:34","date_gmt":"2020-02-13T11:43:34","guid":{"rendered":"http:\/\/timelapsesystems.at\/?page_id=225"},"modified":"2025-12-02T11:20:48","modified_gmt":"2025-12-02T10:20:48","slug":"impressum","status":"publish","type":"page","link":"https:\/\/timelapsesystems.at\/en\/impressum\/","title":{"rendered":"Imprint"},"content":{"rendered":"<div data-elementor-type=\"wp-page\" data-elementor-id=\"225\" class=\"elementor elementor-225\">\n\t\t\t\t\t\t<div class=\"elementor-inner\">\n\t\t\t\t<div class=\"elementor-section-wrap\">\n\t\t\t\t\t\t\t\t\t<section class=\"elementor-section elementor-top-section elementor-element elementor-element-2b93d41d elementor-section-height-min-height elementor-section-boxed elementor-section-height-default elementor-section-items-middle\" data-id=\"2b93d41d\" data-element_type=\"section\" data-settings=\"{&quot;background_background&quot;:&quot;classic&quot;}\">\n\t\t\t\t\t\t\t<div class=\"elementor-background-overlay\"><\/div>\n\t\t\t\t\t\t\t<div class=\"elementor-container elementor-column-gap-default\">\n\t\t\t\t\t\t\t<div class=\"elementor-row\">\n\t\t\t\t\t<div class=\"elementor-column elementor-col-100 elementor-top-column elementor-element elementor-element-484595f8\" data-id=\"484595f8\" data-element_type=\"column\">\n\t\t\t<div class=\"elementor-column-wrap elementor-element-populated\">\n\t\t\t\t\t\t\t<div class=\"elementor-widget-wrap\">\n\t\t\t\t\t\t<div class=\"elementor-element elementor-element-19279cd elementor-widget elementor-widget-heading\" data-id=\"19279cd\" data-element_type=\"widget\" data-widget_type=\"heading.default\">\n\t\t\t\t<div class=\"elementor-widget-container\">\n\t\t\t<h1 class=\"elementor-heading-title elementor-size-large\">Imprint<\/h1>\t\t<\/div>\n\t\t\t\t<\/div>\n\t\t\t\t<div class=\"elementor-element elementor-element-62da99d elementor-widget-divider--view-line elementor-widget elementor-widget-divider\" data-id=\"62da99d\" data-element_type=\"widget\" data-widget_type=\"divider.default\">\n\t\t\t\t<div class=\"elementor-widget-container\">\n\t\t\t\t\t<div class=\"elementor-divider\">\n\t\t\t<span class=\"elementor-divider-separator\">\n\t\t\t\t\t\t<\/span>\n\t\t<\/div>\n\t\t\t\t<\/div>\n\t\t\t\t<\/div>\n\t\t\t\t\t\t<\/div>\n\t\t\t\t\t<\/div>\n\t\t<\/div>\n\t\t\t\t\t\t\t\t<\/div>\n\t\t\t\t\t<\/div>\n\t\t<\/section>\n\t\t\t\t<section class=\"elementor-section elementor-top-section elementor-element elementor-element-38002cd elementor-section-boxed elementor-section-height-default elementor-section-height-default\" data-id=\"38002cd\" data-element_type=\"section\" data-settings=\"{&quot;background_background&quot;:&quot;classic&quot;}\">\n\t\t\t\t\t\t<div class=\"elementor-container elementor-column-gap-default\">\n\t\t\t\t\t\t\t<div class=\"elementor-row\">\n\t\t\t\t\t<div class=\"elementor-column elementor-col-100 elementor-top-column elementor-element elementor-element-29af099\" data-id=\"29af099\" data-element_type=\"column\">\n\t\t\t<div class=\"elementor-column-wrap elementor-element-populated\">\n\t\t\t\t\t\t\t<div class=\"elementor-widget-wrap\">\n\t\t\t\t\t\t<div class=\"elementor-element elementor-element-647ceee elementor-widget elementor-widget-text-editor\" data-id=\"647ceee\" data-element_type=\"widget\" data-widget_type=\"text-editor.default\">\n\t\t\t\t<div class=\"elementor-widget-container\">\n\t\t\t\t\t\t\t\t<div class=\"elementor-text-editor elementor-clearfix\">\n\t\t\t\t<p><span style=\"color: #000000;\"><strong>Timelapse Systems GmbH<\/strong><\/span><\/p><p><span style=\"color: #000000;\">Timelapse Systems GmbH<br \/>St. Veiter Stra\u00dfe 4\/7<br \/>8045 Graz<\/span><br \/><span style=\"color: #000000;\">Austria<\/span><\/p><p><span style=\"color: #000000;\">M: office@timelapsesystems.at<\/span><br \/><span style=\"color: #000000;\">T: +43 699 81 93 05 97<\/span><br \/><span style=\"color: #000000;\">W: www.timelapsesystems.at<\/span><\/p><p><span style=\"color: #000000;\">Rechtsform: GmbH<\/span><\/p><p><span style=\"color: #000000;\">UID Nummer: ATU 76113858<\/span><br \/><span style=\"color: #000000;\">Firmenbuchnummer: 544133 x\u00a0<\/span><br \/><span style=\"color: #000000;\">Firmenbuchgericht: Landesgericht f\u00fcr ZRS Graz<\/span><br \/><span style=\"color: #000000;\">Verantwortlich f\u00fcr den Inhalt: Timelapse Systems GmbH<\/span><\/p><p><span style=\"color: #000000;\">Mitglied der WK\u00d6, Fachverband Film und Musikwirtschaft, WKSt, Fachvertretung Film und Musikwirtschaft<\/span><br \/><span style=\"color: #000000;\">Anwendbare Rechtsvorschriften und Zugang dazu: Gewerbeordnung: www.ris.bka.gv.at<\/span><br \/><span style=\"color: #000000;\">Angaben zur Online-Streitbeilegung: Verbraucher haben die M\u00f6glichkeit, Beschwerden an die Online Streitbeilegungsplattform der EU zu richten: http:\/\/ec.europa.eu\/odr. Sie k\u00f6nnen allf\u00e4llige Beschwerde auch an die oben angegebene e-mail Adresse richten.<\/span><\/p>\t\t\t\t\t<\/div>\n\t\t\t\t\t\t<\/div>\n\t\t\t\t<\/div>\n\t\t\t\t\t\t<\/div>\n\t\t\t\t\t<\/div>\n\t\t<\/div>\n\t\t\t\t\t\t\t\t<\/div>\n\t\t\t\t\t<\/div>\n\t\t<\/section>\n\t\t\t\t\t\t\t\t\t<\/div>\n\t\t\t<\/div>\n\t\t\t\t\t<\/div>","protected":false},"excerpt":{"rendered":"<p>Impressum Timelapse Systems GmbH Timelapse Systems GmbHSt. Veiter Stra\u00dfe 4\/78045 Graz\u00d6sterreich M: office@timelapsesystems.atT: +43 699 81 93 05 97W: www.timelapsesystems.at Rechtsform: GmbH UID Nummer: ATU 76113858Firmenbuchnummer: 544133 x\u00a0Firmenbuchgericht: Landesgericht f\u00fcr ZRS GrazVerantwortlich f\u00fcr den Inhalt: Timelapse Systems GmbH Mitglied der WK\u00d6, Fachverband Film und Musikwirtschaft, WKSt, Fachvertretung Film und MusikwirtschaftAnwendbare Rechtsvorschriften und Zugang dazu: Gewerbeordnung: [&hellip;]<\/p>","protected":false},"author":1,"featured_media":0,"parent":0,"menu_order":1000,"comment_status":"closed","ping_status":"closed","template":"","meta":[],"yoast_head":"<!-- This site is optimized with the Yoast SEO plugin v19.12 - https:\/\/yoast.com\/wordpress\/plugins\/seo\/ -->\n<title>Impressum - Timelapsesystems<\/title>\n<meta name=\"robots\" content=\"index, follow, max-snippet:-1, max-image-preview:large, max-video-preview:-1\" \/>\n<link rel=\"canonical\" href=\"https:\/\/timelapsesystems.at\/en\/impressum\/\" \/>\n<meta property=\"og:locale\" content=\"en_GB\" \/>\n<meta property=\"og:type\" content=\"article\" \/>\n<meta property=\"og:title\" content=\"Impressum - Timelapsesystems\" \/>\n<meta property=\"og:description\" content=\"Impressum Timelapse Systems GmbH Timelapse Systems GmbHSt. Veiter Stra\u00dfe 4\/78045 Graz\u00d6sterreich M: office@timelapsesystems.atT: +43 699 81 93 05 97W: www.timelapsesystems.at Rechtsform: GmbH UID Nummer: ATU 76113858Firmenbuchnummer: 544133 x\u00a0Firmenbuchgericht: Landesgericht f\u00fcr ZRS GrazVerantwortlich f\u00fcr den Inhalt: Timelapse Systems GmbH Mitglied der WK\u00d6, Fachverband Film und Musikwirtschaft, WKSt, Fachvertretung Film und MusikwirtschaftAnwendbare Rechtsvorschriften und Zugang dazu: Gewerbeordnung: [&hellip;]\" \/>\n<meta property=\"og:url\" content=\"https:\/\/timelapsesystems.at\/en\/impressum\/\" \/>\n<meta property=\"og:site_name\" content=\"Timelapsesystems\" \/>\n<meta property=\"article:modified_time\" content=\"2025-12-02T10:20:48+00:00\" \/>\n<meta name=\"twitter:card\" content=\"summary_large_image\" \/>\n<meta name=\"twitter:label1\" content=\"Estimated reading time\" \/>\n\t<meta name=\"twitter:data1\" content=\"1 minute\" \/>\n<script type=\"application\/ld+json\" class=\"yoast-schema-graph\">{\"@context\":\"https:\/\/schema.org\",\"@graph\":[{\"@type\":\"WebPage\",\"@id\":\"https:\/\/timelapsesystems.at\/impressum\/\",\"url\":\"https:\/\/timelapsesystems.at\/impressum\/\",\"name\":\"Impressum - Timelapsesystems\",\"isPartOf\":{\"@id\":\"https:\/\/timelapsesystems.at\/de\/#website\"},\"datePublished\":\"2020-02-13T11:43:34+00:00\",\"dateModified\":\"2025-12-02T10:20:48+00:00\",\"breadcrumb\":{\"@id\":\"https:\/\/timelapsesystems.at\/impressum\/#breadcrumb\"},\"inLanguage\":\"en-GB\",\"potentialAction\":[{\"@type\":\"ReadAction\",\"target\":[\"https:\/\/timelapsesystems.at\/impressum\/\"]}]},{\"@type\":\"BreadcrumbList\",\"@id\":\"https:\/\/timelapsesystems.at\/impressum\/#breadcrumb\",\"itemListElement\":[{\"@type\":\"ListItem\",\"position\":1,\"name\":\"Home\",\"item\":\"https:\/\/timelapsesystems.at\/\"},{\"@type\":\"ListItem\",\"position\":2,\"name\":\"Impressum\"}]},{\"@type\":\"WebSite\",\"@id\":\"https:\/\/timelapsesystems.at\/de\/#website\",\"url\":\"https:\/\/timelapsesystems.at\/de\/\",\"name\":\"Timelapsesystems\",\"description\":\"Ihr Experte f\u00fcr Langzeit- und Baustellenzeitraffervideos!\",\"publisher\":{\"@id\":\"https:\/\/timelapsesystems.at\/de\/#organization\"},\"potentialAction\":[{\"@type\":\"SearchAction\",\"target\":{\"@type\":\"EntryPoint\",\"urlTemplate\":\"https:\/\/timelapsesystems.at\/de\/?s={search_term_string}\"},\"query-input\":\"required name=search_term_string\"}],\"inLanguage\":\"en-GB\"},{\"@type\":\"Organization\",\"@id\":\"https:\/\/timelapsesystems.at\/de\/#organization\",\"name\":\"Timelapsesystems\",\"url\":\"https:\/\/timelapsesystems.at\/de\/\",\"logo\":{\"@type\":\"ImageObject\",\"inLanguage\":\"en-GB\",\"@id\":\"https:\/\/timelapsesystems.at\/de\/#\/schema\/logo\/image\/\",\"url\":\"https:\/\/timelapsesystems.at\/wp-content\/uploads\/2020\/02\/timelapse-systems-LOGO_green_mail.jpg\",\"contentUrl\":\"https:\/\/timelapsesystems.at\/wp-content\/uploads\/2020\/02\/timelapse-systems-LOGO_green_mail.jpg\",\"width\":480,\"height\":240,\"caption\":\"Timelapsesystems\"},\"image\":{\"@id\":\"https:\/\/timelapsesystems.at\/de\/#\/schema\/logo\/image\/\"}}]}<\/script>\n<!-- \/ Yoast SEO plugin. -->","yoast_head_json":{"title":"Impressum - Timelapsesystems","robots":{"index":"index","follow":"follow","max-snippet":"max-snippet:-1","max-image-preview":"max-image-preview:large","max-video-preview":"max-video-preview:-1"},"canonical":"https:\/\/timelapsesystems.at\/en\/impressum\/","og_locale":"en_GB","og_type":"article","og_title":"Impressum - Timelapsesystems","og_description":"Impressum Timelapse Systems GmbH Timelapse Systems GmbHSt. Veiter Stra\u00dfe 4\/78045 Graz\u00d6sterreich M: office@timelapsesystems.atT: +43 699 81 93 05 97W: www.timelapsesystems.at Rechtsform: GmbH UID Nummer: ATU 76113858Firmenbuchnummer: 544133 x\u00a0Firmenbuchgericht: Landesgericht f\u00fcr ZRS GrazVerantwortlich f\u00fcr den Inhalt: Timelapse Systems GmbH Mitglied der WK\u00d6, Fachverband Film und Musikwirtschaft, WKSt, Fachvertretung Film und MusikwirtschaftAnwendbare Rechtsvorschriften und Zugang dazu: Gewerbeordnung: [&hellip;]","og_url":"https:\/\/timelapsesystems.at\/en\/impressum\/","og_site_name":"Timelapsesystems","article_modified_time":"2025-12-02T10:20:48+00:00","twitter_card":"summary_large_image","twitter_misc":{"Estimated reading time":"1 minute"},"schema":{"@context":"https:\/\/schema.org","@graph":[{"@type":"WebPage","@id":"https:\/\/timelapsesystems.at\/impressum\/","url":"https:\/\/timelapsesystems.at\/impressum\/","name":"Impressum - Timelapsesystems","isPartOf":{"@id":"https:\/\/timelapsesystems.at\/de\/#website"},"datePublished":"2020-02-13T11:43:34+00:00","dateModified":"2025-12-02T10:20:48+00:00","breadcrumb":{"@id":"https:\/\/timelapsesystems.at\/impressum\/#breadcrumb"},"inLanguage":"en-GB","potentialAction":[{"@type":"ReadAction","target":["https:\/\/timelapsesystems.at\/impressum\/"]}]},{"@type":"BreadcrumbList","@id":"https:\/\/timelapsesystems.at\/impressum\/#breadcrumb","itemListElement":[{"@type":"ListItem","position":1,"name":"Home","item":"https:\/\/timelapsesystems.at\/"},{"@type":"ListItem","position":2,"name":"Impressum"}]},{"@type":"WebSite","@id":"https:\/\/timelapsesystems.at\/de\/#website","url":"https:\/\/timelapsesystems.at\/de\/","name":"Timelapsesystems","description":"Ihr Experte f\u00fcr Langzeit- und Baustellenzeitraffervideos!","publisher":{"@id":"https:\/\/timelapsesystems.at\/de\/#organization"},"potentialAction":[{"@type":"SearchAction","target":{"@type":"EntryPoint","urlTemplate":"https:\/\/timelapsesystems.at\/de\/?s={search_term_string}"},"query-input":"required name=search_term_string"}],"inLanguage":"en-GB"},{"@type":"Organization","@id":"https:\/\/timelapsesystems.at\/de\/#organization","name":"Timelapsesystems","url":"https:\/\/timelapsesystems.at\/de\/","logo":{"@type":"ImageObject","inLanguage":"en-GB","@id":"https:\/\/timelapsesystems.at\/de\/#\/schema\/logo\/image\/","url":"https:\/\/timelapsesystems.at\/wp-content\/uploads\/2020\/02\/timelapse-systems-LOGO_green_mail.jpg","contentUrl":"https:\/\/timelapsesystems.at\/wp-content\/uploads\/2020\/02\/timelapse-systems-LOGO_green_mail.jpg","width":480,"height":240,"caption":"Timelapsesystems"},"image":{"@id":"https:\/\/timelapsesystems.at\/de\/#\/schema\/logo\/image\/"}}]}},"_links":{"self":[{"href":"https:\/\/timelapsesystems.at\/en\/wp-json\/wp\/v2\/pages\/225"}],"collection":[{"href":"https:\/\/timelapsesystems.at\/en\/wp-json\/wp\/v2\/pages"}],"about":[{"href":"https:\/\/timelapsesystems.at\/en\/wp-json\/wp\/v2\/types\/page"}],"author":[{"embeddable":true,"href":"https:\/\/timelapsesystems.at\/en\/wp-json\/wp\/v2\/users\/1"}],"replies":[{"embeddable":true,"href":"https:\/\/timelapsesystems.at\/en\/wp-json\/wp\/v2\/comments?post=225"}],"version-history":[{"count":18,"href":"https:\/\/timelapsesystems.at\/en\/wp-json\/wp\/v2\/pages\/225\/revisions"}],"predecessor-version":[{"id":6294,"href":"https:\/\/timelapsesystems.at\/en\/wp-json\/wp\/v2\/pages\/225\/revisions\/6294"}],"wp:attachment":[{"href":"https:\/\/timelapsesystems.at\/en\/wp-json\/wp\/v2\/media?parent=225"}],"curies":[{"name":"wp","href":"https:\/\/api.w.org\/{rel}","templated":true}]}}